{"id":2,"date":"2020-02-19T17:40:44","date_gmt":"2020-02-19T17:40:44","guid":{"rendered":"https:\/\/www.diejankas.ch\/?page_id=2"},"modified":"2021-07-04T18:45:46","modified_gmt":"2021-07-04T18:45:46","slug":"sample-page","status":"publish","type":"page","link":"https:\/\/www.diejankas.ch\/","title":{"rendered":"WIR SAGEN JA !"},"content":{"rendered":"\n<p class=\"has-text-color\" style=\"color:#ffffff;font-size:25px\">Liebe Freunde und Familienangeh\u00f6rige<\/p>\n\n\n\n<p class=\"class=&quot;font&quot; has-text-color\" style=\"color:#ffffff;font-size:25px\">Es freut uns sehr, mit euch unseren besonderen Tag im Engadin zu feiern.<\/p>\n\n\n\n<p style=\"font-size:25px\">Wir m\u00f6chten euch nun gar nicht lange auf dieser Webseite aufhalten, daher hier die wichtigsten Infos f\u00fcr euch:<\/p>\n\n\n\n<h2 class=\"has-text-color\" style=\"color:#ffffff\">PROGRAMM<\/h2>\n\n\n\n<p class=\"has-text-color\" style=\"color:#ffffff;font-size:25px\"><img loading=\"lazy\" width=\"1767\" height=\"2830\" class=\"wp-image-55\" style=\"width: 60px;\" src=\"https:\/\/www.diejankas.ch\/wp-content\/uploads\/2020\/02\/Kirche.png\" alt=\"\" srcset=\"https:\/\/www.diejankas.ch\/wp-content\/uploads\/2020\/02\/Kirche.png 1767w, https:\/\/www.diejankas.ch\/wp-content\/uploads\/2020\/02\/Kirche-187x300.png 187w, https:\/\/www.diejankas.ch\/wp-content\/uploads\/2020\/02\/Kirche-639x1024.png 639w, https:\/\/www.diejankas.ch\/wp-content\/uploads\/2020\/02\/Kirche-768x1230.png 768w, https:\/\/www.diejankas.ch\/wp-content\/uploads\/2020\/02\/Kirche-959x1536.png 959w, https:\/\/www.diejankas.ch\/wp-content\/uploads\/2020\/02\/Kirche-1279x2048.png 1279w, https:\/\/www.diejankas.ch\/wp-content\/uploads\/2020\/02\/Kirche-1200x1922.png 1200w\" sizes=\"(max-width: 1767px) 100vw, 1767px\" \/><br>13.30 bis ca. 14.30 Uhr<br>Trauung Kirche San Gian <\/p>\n\n\n\n<p class=\"has-text-color\" style=\"color:#ffffff;font-size:25px\"><img loading=\"lazy\" width=\"2720\" height=\"2777\" class=\"wp-image-57\" style=\"width: 80px;\" src=\"https:\/\/www.diejankas.ch\/wp-content\/uploads\/2020\/02\/APERO.png\" alt=\"\" srcset=\"https:\/\/www.diejankas.ch\/wp-content\/uploads\/2020\/02\/APERO.png 2720w, https:\/\/www.diejankas.ch\/wp-content\/uploads\/2020\/02\/APERO-294x300.png 294w, https:\/\/www.diejankas.ch\/wp-content\/uploads\/2020\/02\/APERO-1003x1024.png 1003w, https:\/\/www.diejankas.ch\/wp-content\/uploads\/2020\/02\/APERO-768x784.png 768w, https:\/\/www.diejankas.ch\/wp-content\/uploads\/2020\/02\/APERO-1504x1536.png 1504w, https:\/\/www.diejankas.ch\/wp-content\/uploads\/2020\/02\/APERO-2006x2048.png 2006w, https:\/\/www.diejankas.ch\/wp-content\/uploads\/2020\/02\/APERO-1200x1225.png 1200w, https:\/\/www.diejankas.ch\/wp-content\/uploads\/2020\/02\/APERO-1980x2021.png 1980w\" sizes=\"(max-width: 2720px) 100vw, 2720px\" \/><br>ab ca. 14.30 bis 16.30 Uhr<br>Apero vor der Kirche San Gian <\/p>\n\n\n\n<p class=\"has-text-color\" style=\"color:#ffffff;font-size:25px\"><img loading=\"lazy\" width=\"2674\" height=\"3069\" class=\"wp-image-60\" style=\"width: 70px;\" src=\"https:\/\/www.diejankas.ch\/wp-content\/uploads\/2020\/02\/apero2.png\" alt=\"\" srcset=\"https:\/\/www.diejankas.ch\/wp-content\/uploads\/2020\/02\/apero2.png 2674w, https:\/\/www.diejankas.ch\/wp-content\/uploads\/2020\/02\/apero2-261x300.png 261w, https:\/\/www.diejankas.ch\/wp-content\/uploads\/2020\/02\/apero2-892x1024.png 892w, https:\/\/www.diejankas.ch\/wp-content\/uploads\/2020\/02\/apero2-768x881.png 768w, https:\/\/www.diejankas.ch\/wp-content\/uploads\/2020\/02\/apero2-1338x1536.png 1338w, https:\/\/www.diejankas.ch\/wp-content\/uploads\/2020\/02\/apero2-1784x2048.png 1784w, https:\/\/www.diejankas.ch\/wp-content\/uploads\/2020\/02\/apero2-1200x1377.png 1200w, https:\/\/www.diejankas.ch\/wp-content\/uploads\/2020\/02\/apero2-1980x2272.png 1980w\" sizes=\"(max-width: 2674px) 100vw, 2674px\" \/><br>ab 17.00 Uhr<br>Apero Hotel Reine Victoria, St. Moritz<\/p>\n\n\n\n<p class=\"has-text-color\" style=\"color:#ffffff;font-size:25px\"><img loading=\"lazy\" width=\"2785\" height=\"2674\" class=\"wp-image-63\" style=\"width: 80px;\" src=\"https:\/\/www.diejankas.ch\/wp-content\/uploads\/2020\/02\/Kuchen.png\" alt=\"\" srcset=\"https:\/\/www.diejankas.ch\/wp-content\/uploads\/2020\/02\/Kuchen.png 2785w, https:\/\/www.diejankas.ch\/wp-content\/uploads\/2020\/02\/Kuchen-300x288.png 300w, https:\/\/www.diejankas.ch\/wp-content\/uploads\/2020\/02\/Kuchen-1024x983.png 1024w, https:\/\/www.diejankas.ch\/wp-content\/uploads\/2020\/02\/Kuchen-768x737.png 768w, https:\/\/www.diejankas.ch\/wp-content\/uploads\/2020\/02\/Kuchen-1536x1475.png 1536w, https:\/\/www.diejankas.ch\/wp-content\/uploads\/2020\/02\/Kuchen-2048x1966.png 2048w, https:\/\/www.diejankas.ch\/wp-content\/uploads\/2020\/02\/Kuchen-1200x1152.png 1200w, https:\/\/www.diejankas.ch\/wp-content\/uploads\/2020\/02\/Kuchen-1980x1901.png 1980w\" sizes=\"(max-width: 2785px) 100vw, 2785px\" \/><br>19.00 Uhr<br>Abendessen Hotel Reine Victoria<\/p>\n\n\n\n<p class=\"has-text-color\" style=\"color:#ffffff;font-size:25px\"><img loading=\"lazy\" width=\"2797\" height=\"2766\" class=\"wp-image-64\" style=\"width: 80px;\" src=\"https:\/\/www.diejankas.ch\/wp-content\/uploads\/2020\/02\/party.png\" alt=\"\" srcset=\"https:\/\/www.diejankas.ch\/wp-content\/uploads\/2020\/02\/party.png 2797w, https:\/\/www.diejankas.ch\/wp-content\/uploads\/2020\/02\/party-300x297.png 300w, https:\/\/www.diejankas.ch\/wp-content\/uploads\/2020\/02\/party-1024x1013.png 1024w, https:\/\/www.diejankas.ch\/wp-content\/uploads\/2020\/02\/party-768x759.png 768w, https:\/\/www.diejankas.ch\/wp-content\/uploads\/2020\/02\/party-1536x1519.png 1536w, https:\/\/www.diejankas.ch\/wp-content\/uploads\/2020\/02\/party-2048x2025.png 2048w, https:\/\/www.diejankas.ch\/wp-content\/uploads\/2020\/02\/party-1200x1187.png 1200w, https:\/\/www.diejankas.ch\/wp-content\/uploads\/2020\/02\/party-1980x1958.png 1980w\" sizes=\"(max-width: 2797px) 100vw, 2797px\" \/><br>bis OPEN END !! =)<br>Unterhaltung und Party <\/p>\n\n\n\n<h2 class=\"has-text-color\" style=\"color:#ffffff\">\u00dcBERNACHTUNG<\/h2>\n\n\n\n<figure class=\"wp-block-image size-large is-resized\"><img loading=\"lazy\" src=\"https:\/\/www.diejankas.ch\/wp-content\/uploads\/2020\/02\/schlafen-1024x948.png\" alt=\"\" class=\"wp-image-75\" width=\"93\" height=\"85\" srcset=\"https:\/\/www.diejankas.ch\/wp-content\/uploads\/2020\/02\/schlafen-1024x948.png 1024w, https:\/\/www.diejankas.ch\/wp-content\/uploads\/2020\/02\/schlafen-300x278.png 300w, https:\/\/www.diejankas.ch\/wp-content\/uploads\/2020\/02\/schlafen-768x711.png 768w, https:\/\/www.diejankas.ch\/wp-content\/uploads\/2020\/02\/schlafen-1536x1423.png 1536w, https:\/\/www.diejankas.ch\/wp-content\/uploads\/2020\/02\/schlafen-2048x1897.png 2048w, https:\/\/www.diejankas.ch\/wp-content\/uploads\/2020\/02\/schlafen-1200x1112.png 1200w, https:\/\/www.diejankas.ch\/wp-content\/uploads\/2020\/02\/schlafen-1980x1834.png 1980w\" sizes=\"(max-width: 93px) 100vw, 93px\" \/><\/figure>\n\n\n\n<p class=\"has-text-color\" style=\"color:#ffffff;font-size:25px\">F\u00fcr alle von Euch die gerne im Engadin \u00fcbernachten wollen, haben wir im Hotel Reine Victoria in St. Moritz ein Kontingent an Zimmern reserviert. <\/p>\n\n\n\n<p class=\"has-text-color\" style=\"color:#ffffff;font-size:25px\">Von da aus werden auch die Shuttles fahren<\/p>\n\n\n\n<p class=\"FONT has-text-color\" style=\"color:#ffffff;font-size:25px\">Bitte bucht euer Zimmer direkt \u00fcber das Hotel Laudinella mit dem Stichwort <strong>\u00abHochzeit Janka\u00bb <\/strong>hier:<\/p>\n\n\n\n<div class=\"wp-block-button\"><a class=\"wp-block-button__link\" href=\"https:\/\/www.laudinella.ch\/hotel-reine-victoria\/?wbeAutoOpen\" target=\"_blank\" rel=\"noopener noreferrer\">Hotel Reine Victoria<\/a><\/div>\n\n\n\n<h2 class=\"has-text-color\" style=\"color:#ffffff\">INFOS ZUM SHUTTLEBUS<\/h2>\n\n\n\n<figure class=\"wp-block-image size-large is-resized\"><img loading=\"lazy\" src=\"https:\/\/www.diejankas.ch\/wp-content\/uploads\/2020\/02\/shuttle3-1024x725.png\" alt=\"\" class=\"wp-image-80\" width=\"114\" height=\"80\" srcset=\"https:\/\/www.diejankas.ch\/wp-content\/uploads\/2020\/02\/shuttle3-1024x725.png 1024w, https:\/\/www.diejankas.ch\/wp-content\/uploads\/2020\/02\/shuttle3-300x212.png 300w, https:\/\/www.diejankas.ch\/wp-content\/uploads\/2020\/02\/shuttle3-768x543.png 768w, https:\/\/www.diejankas.ch\/wp-content\/uploads\/2020\/02\/shuttle3-1536x1087.png 1536w, https:\/\/www.diejankas.ch\/wp-content\/uploads\/2020\/02\/shuttle3-2048x1449.png 2048w, https:\/\/www.diejankas.ch\/wp-content\/uploads\/2020\/02\/shuttle3-1200x849.png 1200w, https:\/\/www.diejankas.ch\/wp-content\/uploads\/2020\/02\/shuttle3-1980x1401.png 1980w\" sizes=\"(max-width: 114px) 100vw, 114px\" \/><\/figure>\n\n\n\n<p class=\"has-text-color\" style=\"color:#ffffff;font-size:25px\">Abfahrt Hotel Laudinella \u2013 Kirche San Gian 13.00 Uhr<\/p>\n\n\n\n<p class=\"has-text-color\" style=\"color:#ffffff;font-size:25px\">San Gian \u2013 Hotel Reine Victoria ab 16.00 Uhr<\/p>\n\n\n\n<h2 class=\"has-text-color\" style=\"color:#ffffff\">PARKIEREN<\/h2>\n\n\n\n<figure class=\"wp-block-image size-large is-resized\"><img loading=\"lazy\" src=\"https:\/\/www.diejankas.ch\/wp-content\/uploads\/2020\/02\/parken-1024x1015.png\" alt=\"\" class=\"wp-image-92\" width=\"108\" height=\"106\" srcset=\"https:\/\/www.diejankas.ch\/wp-content\/uploads\/2020\/02\/parken-1024x1015.png 1024w, https:\/\/www.diejankas.ch\/wp-content\/uploads\/2020\/02\/parken-300x297.png 300w, https:\/\/www.diejankas.ch\/wp-content\/uploads\/2020\/02\/parken-768x761.png 768w, https:\/\/www.diejankas.ch\/wp-content\/uploads\/2020\/02\/parken-1536x1522.png 1536w, https:\/\/www.diejankas.ch\/wp-content\/uploads\/2020\/02\/parken-2048x2029.png 2048w, https:\/\/www.diejankas.ch\/wp-content\/uploads\/2020\/02\/parken-1200x1189.png 1200w, https:\/\/www.diejankas.ch\/wp-content\/uploads\/2020\/02\/parken-1980x1962.png 1980w\" sizes=\"(max-width: 108px) 100vw, 108px\" \/><\/figure>\n\n\n\n<p>Solltest du\/ihr selbst mit dem Auto fahren, so hat es bei der Kirche San Gian sowie auch f\u00fcr die Feier am Abend Parkm\u00f6glichkeiten beim Hotel Reine Victoria.<\/p>\n\n\n\n<h2 class=\"has-text-color\" style=\"color:#ffffff\">DRESSCODE<\/h2>\n\n\n\n<figure class=\"wp-block-image size-large is-resized\"><img loading=\"lazy\" src=\"https:\/\/www.diejankas.ch\/wp-content\/uploads\/2020\/02\/dresscode-910x1024.png\" alt=\"\" class=\"wp-image-82\" width=\"100\" height=\"111\"\/><\/figure>\n\n\n\n<p class=\"has-text-color\" style=\"color:#ffffff;font-size:25px\">Festlich chic. Lasst eure Jeans zu Hause \ud83d\ude09<\/p>\n\n\n\n<h2 class=\"has-text-color\" style=\"color:#ffffff\">GESCHENKIDEE<\/h2>\n\n\n\n<figure class=\"wp-block-image size-large is-resized\"><img loading=\"lazy\" src=\"https:\/\/www.diejankas.ch\/wp-content\/uploads\/2020\/02\/sparschwein-987x1024.png\" alt=\"\" class=\"wp-image-87\" width=\"105\" height=\"108\" srcset=\"https:\/\/www.diejankas.ch\/wp-content\/uploads\/2020\/02\/sparschwein-987x1024.png 987w, https:\/\/www.diejankas.ch\/wp-content\/uploads\/2020\/02\/sparschwein-289x300.png 289w, https:\/\/www.diejankas.ch\/wp-content\/uploads\/2020\/02\/sparschwein-768x797.png 768w, https:\/\/www.diejankas.ch\/wp-content\/uploads\/2020\/02\/sparschwein-1480x1536.png 1480w, https:\/\/www.diejankas.ch\/wp-content\/uploads\/2020\/02\/sparschwein-1974x2048.png 1974w, https:\/\/www.diejankas.ch\/wp-content\/uploads\/2020\/02\/sparschwein-1200x1245.png 1200w, https:\/\/www.diejankas.ch\/wp-content\/uploads\/2020\/02\/sparschwein-1980x2054.png 1980w\" sizes=\"(max-width: 105px) 100vw, 105px\" \/><\/figure>\n\n\n\n<p class=\"has-text-color\" style=\"color:#ffffff;font-size:25px\">Ein Zustupf f\u00fcr unser Eigenheim<\/p>\n\n\n\n<h2 class=\"has-text-color\" style=\"color:#ffffff\">F\u00dcR FRAGEN UND INFOS<\/h2>\n\n\n\n<p class=\"has-text-color\" style=\"color:#ffffff;font-size:25px\">Das waren die wichtigsten Infos zu unserer Feier. <br>Ihr k\u00f6nnt euch gerne bei uns f\u00fcr weitere Fragen melden und auch unsere T\u00e4tschmeister Fabienne und Pirmin stehen euch gerne f\u00fcr Fragen zur Verf\u00fcgung.<\/p>\n\n\n\n<p class=\"has-text-color\" style=\"color:#ffffff;font-size:25px\">Telefon Fabienne Janka 079 445 63 92<br>Telefon Pirmin Janka 079 234 20 47<\/p>\n\n\n\n<h2 class=\"has-text-color\" style=\"color:#ffffff\">WIR FREUEN UNS AUF EUCH!<\/h2>\n\n\n\n<figure class=\"wp-block-image size-large is-resized\"><img loading=\"lazy\" src=\"https:\/\/www.diejankas.ch\/wp-content\/uploads\/2020\/02\/herz-1024x889.png\" alt=\"\" class=\"wp-image-89\" width=\"292\" height=\"253\" srcset=\"https:\/\/www.diejankas.ch\/wp-content\/uploads\/2020\/02\/herz-1024x889.png 1024w, https:\/\/www.diejankas.ch\/wp-content\/uploads\/2020\/02\/herz-300x260.png 300w, https:\/\/www.diejankas.ch\/wp-content\/uploads\/2020\/02\/herz-768x667.png 768w, https:\/\/www.diejankas.ch\/wp-content\/uploads\/2020\/02\/herz-1536x1333.png 1536w, https:\/\/www.diejankas.ch\/wp-content\/uploads\/2020\/02\/herz-2048x1778.png 2048w, https:\/\/www.diejankas.ch\/wp-content\/uploads\/2020\/02\/herz-1200x1042.png 1200w, https:\/\/www.diejankas.ch\/wp-content\/uploads\/2020\/02\/herz-1980x1719.png 1980w\" sizes=\"(max-width: 292px) 100vw, 292px\" \/><\/figure>\n\n\n\n<p class=\"has-text-color\" style=\"color:#ffffff;font-size:2px\">WIR FREUEN UNS AUF EUCH<\/p>\n","protected":false},"excerpt":{"rendered":"<p>Liebe Freunde und Familienangeh\u00f6rige Es freut uns sehr, mit euch unseren besonderen Tag im Engadin zu feiern. Wir m\u00f6chten euch nun gar nicht lange auf dieser Webseite aufhalten, daher hier die wichtigsten Infos f\u00fcr euch: PROGRAMM 13.30 bis ca. 14.30 UhrTrauung Kirche San Gian ab ca. 14.30 bis 16.30 UhrApero vor der Kirche San Gian [&hellip;]<\/p>\n","protected":false},"author":1,"featured_media":17,"parent":0,"menu_order":0,"comment_status":"closed","ping_status":"open","template":"","meta":[],"_links":{"self":[{"href":"https:\/\/www.diejankas.ch\/index.php?rest_route=\/wp\/v2\/pages\/2"}],"collection":[{"href":"https:\/\/www.diejankas.ch\/index.php?rest_route=\/wp\/v2\/pages"}],"about":[{"href":"https:\/\/www.diejankas.ch\/index.php?rest_route=\/wp\/v2\/types\/page"}],"author":[{"embeddable":true,"href":"https:\/\/www.diejankas.ch\/index.php?rest_route=\/wp\/v2\/users\/1"}],"replies":[{"embeddable":true,"href":"https:\/\/www.diejankas.ch\/index.php?rest_route=%2Fwp%2Fv2%2Fcomments&post=2"}],"version-history":[{"count":40,"href":"https:\/\/www.diejankas.ch\/index.php?rest_route=\/wp\/v2\/pages\/2\/revisions"}],"predecessor-version":[{"id":195,"href":"https:\/\/www.diejankas.ch\/index.php?rest_route=\/wp\/v2\/pages\/2\/revisions\/195"}],"wp:featuredmedia":[{"embeddable":true,"href":"https:\/\/www.diejankas.ch\/index.php?rest_route=\/wp\/v2\/media\/17"}],"wp:attachment":[{"href":"https:\/\/www.diejankas.ch\/index.php?rest_route=%2Fwp%2Fv2%2Fmedia&parent=2"}],"curies":[{"name":"wp","href":"https:\/\/api.w.org\/{rel}","templated":true}]}}